{"id":37,"date":"2015-10-14T09:19:22","date_gmt":"2015-10-14T09:19:22","guid":{"rendered":"http:\/\/lagus.fi\/w\/?page_id=37"},"modified":"2026-01-11T16:46:01","modified_gmt":"2026-01-11T16:46:01","slug":"lagus-productions-se","status":"publish","type":"page","link":"https:\/\/lagus.fi\/w\/sv\/lagus-productions-se\/","title":{"rendered":"Lagus Productions se"},"content":{"rendered":"<p>[et_pb_section fb_built=&#8221;1&#8243; custom_padding_last_edited=&#8221;on|desktop&#8221; admin_label=&#8221;section&#8221; _builder_version=&#8221;4.16&#8243; background_color=&#8221;rgba(255,255,255,0)&#8221; custom_padding_tablet=&#8221;50px|0|50px|0&#8243; custom_padding_phone=&#8221;&#8221; transparent_background=&#8221;on&#8221; padding_mobile=&#8221;off&#8221; make_fullwidth=&#8221;off&#8221; use_custom_width=&#8221;off&#8221; width_unit=&#8221;on&#8221; global_colors_info=&#8221;{}&#8221;][et_pb_row column_structure=&#8221;1_3,2_3&#8243; use_custom_gutter=&#8221;on&#8221; padding_mobile=&#8221;off&#8221; column_padding_mobile=&#8221;on&#8221; admin_label=&#8221;row&#8221; _builder_version=&#8221;4.16&#8243; background_color=&#8221;#000000&#8243; background_size=&#8221;initial&#8221; background_position=&#8221;top_left&#8221; background_repeat=&#8221;repeat&#8221; make_fullwidth=&#8221;off&#8221; use_custom_width=&#8221;off&#8221; width_unit=&#8221;on&#8221; global_colors_info=&#8221;{}&#8221;][et_pb_column type=&#8221;1_3&#8243; _builder_version=&#8221;4.16&#8243; custom_padding=&#8221;45|45|45|45&#8243; global_colors_info=&#8221;{}&#8221; custom_padding__hover=&#8221;|||&#8221;][et_pb_text admin_label=&#8221;Text&#8221; _builder_version=&#8221;4.25.0&#8243; text_font_size=&#8221;16&#8243; background_size=&#8221;initial&#8221; background_position=&#8221;top_left&#8221; background_repeat=&#8221;repeat&#8221; custom_padding=&#8221;25px|25px|25px|25px&#8221; hover_enabled=&#8221;0&#8243; use_border_color=&#8221;off&#8221; border_color=&#8221;#ffffff&#8221; border_style=&#8221;solid&#8221; global_colors_info=&#8221;{}&#8221; sticky_enabled=&#8221;0&#8243;]<\/p>\n<h4>Evenemang<\/h4>\n<ul>\n<li><strong><a href=\"https:\/\/lagus.fi\/w\/sv\/strauss-2027\/\">Strauss<\/a><\/strong><\/li>\n<li><strong><a href=\"https:\/\/lagus.fi\/w\/sv\/andra-evenemang\/\">Andra evenemang<\/a><\/strong><\/li>\n<\/ul>\n<p>[\/et_pb_text][\/et_pb_column][et_pb_column type=&#8221;2_3&#8243; _builder_version=&#8221;4.16&#8243; custom_padding=&#8221;45|45|45|45&#8243; global_colors_info=&#8221;{}&#8221; custom_padding__hover=&#8221;|||&#8221;][et_pb_text admin_label=&#8221;Text&#8221; _builder_version=&#8221;4.16&#8243; background_size=&#8221;initial&#8221; background_position=&#8221;top_left&#8221; background_repeat=&#8221;repeat&#8221; use_border_color=&#8221;off&#8221; border_color=&#8221;#ffffff&#8221; border_style=&#8221;solid&#8221; global_colors_info=&#8221;{}&#8221;]<\/p>\n<h2>Lagus Productions<\/h2>\n<p>[\/et_pb_text][et_pb_image src=&#8221;https:\/\/lagus.fi\/w\/wp-content\/uploads\/2015\/10\/fleder1.jpg&#8221; align_tablet=&#8221;center&#8221; align_phone=&#8221;&#8221; align_last_edited=&#8221;on|desktop&#8221; admin_label=&#8221;Image&#8221; module_class=&#8221;center&#8221; _builder_version=&#8221;4.16&#8243; animation_style=&#8221;slide&#8221; animation_direction=&#8221;left&#8221; animation_duration=&#8221;500ms&#8221; animation_intensity_slide=&#8221;10%&#8221; animation=&#8221;left&#8221; sticky=&#8221;off&#8221; global_colors_info=&#8221;{}&#8221;][\/et_pb_image][et_pb_text admin_label=&#8221;Text&#8221; _builder_version=&#8221;4.16&#8243; background_size=&#8221;initial&#8221; background_position=&#8221;top_left&#8221; background_repeat=&#8221;repeat&#8221; use_border_color=&#8221;off&#8221; border_color=&#8221;#ffffff&#8221; border_style=&#8221;solid&#8221; global_colors_info=&#8221;{}&#8221;]Lagus Productions \u00e4r k\u00e4nt f\u00f6r sina h\u00f6gklassiga produktioner b\u00e5de f\u00f6r stora publikm\u00e4ngder men \u00e4ven f\u00f6r privata tillf\u00e4llen. P\u00e5 repertoaren finns \u00e5rligen \u00e5terkommande publikevenemang som t.ex. de popul\u00e4ra Strauss konserterna p\u00e5 trettondagen i Finlandia-huset.<br \/>\n[\/et_pb_text][\/et_pb_column][\/et_pb_row][\/et_pb_section]<\/p>\n","protected":false},"excerpt":{"rendered":"<p>Evenemang Strauss Andra evenemang Lagus Productions Lagus Productions \u00e4r k\u00e4nt f\u00f6r sina h\u00f6gklassiga produktioner b\u00e5de f\u00f6r stora publikm\u00e4ngder men \u00e4ven f\u00f6r privata tillf\u00e4llen. P\u00e5 repertoaren finns \u00e5rligen \u00e5terkommande publikevenemang som [&hellip;]<\/p>\n","protected":false},"author":1,"featured_media":0,"parent":0,"menu_order":0,"comment_status":"closed","ping_status":"closed","template":"","meta":{"_et_pb_use_builder":"on","_et_pb_old_content":"","_et_gb_content_width":"","footnotes":""},"class_list":["post-37","page","type-page","status-publish","hentry"],"_links":{"self":[{"href":"https:\/\/lagus.fi\/w\/wp-json\/wp\/v2\/pages\/37","targetHints":{"allow":["GET"]}}],"collection":[{"href":"https:\/\/lagus.fi\/w\/wp-json\/wp\/v2\/pages"}],"about":[{"href":"https:\/\/lagus.fi\/w\/wp-json\/wp\/v2\/types\/page"}],"author":[{"embeddable":true,"href":"https:\/\/lagus.fi\/w\/wp-json\/wp\/v2\/users\/1"}],"replies":[{"embeddable":true,"href":"https:\/\/lagus.fi\/w\/wp-json\/wp\/v2\/comments?post=37"}],"version-history":[{"count":53,"href":"https:\/\/lagus.fi\/w\/wp-json\/wp\/v2\/pages\/37\/revisions"}],"predecessor-version":[{"id":1929,"href":"https:\/\/lagus.fi\/w\/wp-json\/wp\/v2\/pages\/37\/revisions\/1929"}],"wp:attachment":[{"href":"https:\/\/lagus.fi\/w\/wp-json\/wp\/v2\/media?parent=37"}],"curies":[{"name":"wp","href":"https:\/\/api.w.org\/{rel}","templated":true}]}}