{"id":1672,"date":"2024-01-06T13:34:17","date_gmt":"2024-01-06T13:34:17","guid":{"rendered":"https:\/\/lagus.fi\/w\/?page_id=1672"},"modified":"2026-02-01T12:13:19","modified_gmt":"2026-02-01T12:13:19","slug":"strauss-2027fi","status":"publish","type":"page","link":"https:\/\/lagus.fi\/w\/fi\/strauss-2027fi\/","title":{"rendered":"Strauss 2027 fi"},"content":{"rendered":"<p>[et_pb_section fb_built=&#8221;1&#8243; custom_padding_last_edited=&#8221;on|desktop&#8221; admin_label=&#8221;section&#8221; _builder_version=&#8221;4.16&#8243; background_color=&#8221;rgba(255,255,255,0)&#8221; custom_padding_tablet=&#8221;50px|0|50px|0&#8243; custom_padding_phone=&#8221;&#8221; transparent_background=&#8221;on&#8221; padding_mobile=&#8221;off&#8221; make_fullwidth=&#8221;off&#8221; use_custom_width=&#8221;off&#8221; width_unit=&#8221;on&#8221; locked=&#8221;off&#8221; global_colors_info=&#8221;{}&#8221;][et_pb_row column_structure=&#8221;1_3,2_3&#8243; use_custom_gutter=&#8221;on&#8221; padding_mobile=&#8221;off&#8221; column_padding_mobile=&#8221;on&#8221; admin_label=&#8221;row&#8221; _builder_version=&#8221;4.16&#8243; background_color=&#8221;#000000&#8243; background_size=&#8221;initial&#8221; background_position=&#8221;top_left&#8221; background_repeat=&#8221;repeat&#8221; make_fullwidth=&#8221;off&#8221; use_custom_width=&#8221;off&#8221; width_unit=&#8221;on&#8221; global_colors_info=&#8221;{}&#8221;][et_pb_column type=&#8221;1_3&#8243; _builder_version=&#8221;4.16&#8243; custom_padding=&#8221;|||&#8221; global_colors_info=&#8221;{}&#8221; custom_padding__hover=&#8221;|||&#8221;][et_pb_text admin_label=&#8221;2026&#8243; _builder_version=&#8221;4.25.0&#8243; background_size=&#8221;initial&#8221; background_position=&#8221;top_left&#8221; background_repeat=&#8221;repeat&#8221; custom_padding=&#8221;25px|25px|0px|25px|false|false&#8221; use_border_color=&#8221;off&#8221; border_color=&#8221;#ffffff&#8221; border_style=&#8221;solid&#8221; global_colors_info=&#8221;{}&#8221;]<\/p>\n<p>Tervetuloa Strauss-konsertteihin uudistetussa Finlandia-talossa<strong><br \/>tammikuun 5. p\u00e4iv\u00e4n\u00e4 klo 19 ja tammikuun 6. p\u00e4iv\u00e4n\u00e4 2027 klo 14.<\/strong><\/p>\n<p>Konserttien kesto n 2 t. 30\u00a0min sis. tauon.<\/p>\n<p>[\/et_pb_text][\/et_pb_column][et_pb_column type=&#8221;2_3&#8243; _builder_version=&#8221;4.16&#8243; custom_padding=&#8221;|||&#8221; global_colors_info=&#8221;{}&#8221; custom_padding__hover=&#8221;|||&#8221;][et_pb_text admin_label=&#8221;2027 fi&#8221; _builder_version=&#8221;4.25.0&#8243; background_size=&#8221;initial&#8221; background_position=&#8221;top_left&#8221; background_repeat=&#8221;repeat&#8221; custom_padding=&#8221;25px|25px|25px|25px&#8221; hover_enabled=&#8221;0&#8243; use_border_color=&#8221;off&#8221; border_color=&#8221;#ffffff&#8221; border_style=&#8221;solid&#8221; locked=&#8221;off&#8221; global_colors_info=&#8221;{}&#8221; sticky_enabled=&#8221;0&#8243;]<\/p>\n<h1>Strauss 2027<\/h1>\n<p>Uusi vuosi alkaa j\u00e4lleen Finlandia-talossa iloisilla Strauss-konserteilla loppiaisen yhteydess\u00e4, 5. ja 6. tammikuuta 2027.<\/p>\n<p>Lohjan kaupunginorkesteria t\u00e4ydennetty Taideyliopiston Sibelius-Akatemian opiskelijoilla johtaa karismaattinen ja charmantti maestro, Atso Almila.<br \/>Orkesterin ilo ja Almilan ainutlaatuinen taito ja kokemus tarjoavat riemukkaita musiikkikokemuksia parhaaseen Strauss-henkeen.<\/p>\n<h3>Tervetuloa Strauss-konserttiin Finlandia-talossa 5.1. klo 19 ja 6.1.2027 klo 14!<\/h3>\n<p>&nbsp;<\/p>\n<h3><span style=\"color: #ffff00;\">Lipputilaukset 2027<\/span><\/h3>\n<p>Tervetuloa takaisin sivuille lokakuussa, kun vuoden 2027 Strauss-konserttien lipunmyynti alkaa.<\/p>\n<p>&nbsp;<\/p>\n<p>[\/et_pb_text][\/et_pb_column][\/et_pb_row][\/et_pb_section]<\/p>\n","protected":false},"excerpt":{"rendered":"<p>Tervetuloa Strauss-konsertteihin uudistetussa Finlandia-talossatammikuun 5. p\u00e4iv\u00e4n\u00e4 klo 19 ja tammikuun 6. p\u00e4iv\u00e4n\u00e4 2027 klo 14. Konserttien kesto n 2 t. 30\u00a0min sis. tauon.Strauss 2027 Uusi vuosi alkaa j\u00e4lleen Finlandia-talossa iloisilla [&hellip;]<\/p>\n","protected":false},"author":1,"featured_media":0,"parent":0,"menu_order":0,"comment_status":"closed","ping_status":"closed","template":"","meta":{"_et_pb_use_builder":"on","_et_pb_old_content":"","_et_gb_content_width":"","footnotes":""},"class_list":["post-1672","page","type-page","status-publish","hentry"],"_links":{"self":[{"href":"https:\/\/lagus.fi\/w\/wp-json\/wp\/v2\/pages\/1672","targetHints":{"allow":["GET"]}}],"collection":[{"href":"https:\/\/lagus.fi\/w\/wp-json\/wp\/v2\/pages"}],"about":[{"href":"https:\/\/lagus.fi\/w\/wp-json\/wp\/v2\/types\/page"}],"author":[{"embeddable":true,"href":"https:\/\/lagus.fi\/w\/wp-json\/wp\/v2\/users\/1"}],"replies":[{"embeddable":true,"href":"https:\/\/lagus.fi\/w\/wp-json\/wp\/v2\/comments?post=1672"}],"version-history":[{"count":24,"href":"https:\/\/lagus.fi\/w\/wp-json\/wp\/v2\/pages\/1672\/revisions"}],"predecessor-version":[{"id":1948,"href":"https:\/\/lagus.fi\/w\/wp-json\/wp\/v2\/pages\/1672\/revisions\/1948"}],"wp:attachment":[{"href":"https:\/\/lagus.fi\/w\/wp-json\/wp\/v2\/media?parent=1672"}],"curies":[{"name":"wp","href":"https:\/\/api.w.org\/{rel}","templated":true}]}}